{"id":2042,"date":"2016-01-23T23:59:19","date_gmt":"2016-01-23T22:59:19","guid":{"rendered":"http:\/\/www.pacer.de\/?page_id=2042"},"modified":"2016-01-24T18:57:16","modified_gmt":"2016-01-24T17:57:16","slug":"historische-homepages-von-pacer-aka-smooth-aka-roger","status":"publish","type":"page","link":"https:\/\/www.pacer.de\/?page_id=2042","title":{"rendered":"Homepage History (seit 1996)"},"content":{"rendered":"<p>Im Januar 2016 habe ich blog.pacer.de vom Webhoster server-drome auf WINT.global umgezogen. Dabei hab auch meine Domain www.pacer.de, welche ich am 01.09.2000 bei freecity registriert hatte, ebenfalls auf WINT.global gebucht.<\/p>\n<p>Im Rahmen des Umzuges wurden auch alle blog-Bilder, welche noch bei imageshack.us lagen auf den neuen Webspace umgezogen. Die Anpassung der alten Verkn\u00fcfpungen war keine leichte Aufgabe und lie\u00df sich folgenderma\u00dfen bewerkstelligen:<\/p>\n<ul>\n<li>Export der Blog-Inhalte als XML-Datei,<\/li>\n<li>schrittweises Ersetzen aller imageshack.us-urls in notepad++ unter Verwendung von regular expressions (z.B.\u00a0http:\/\/img[0-9][0-9][0-9].imageshack.us\/img[0-9][0-9][0-9]\/[0-9][0-9][0-9][0-9]\/ ersetzen durch https:\/\/www.pacer.de\/wp-content\/uploads\/old\/)<\/li>\n<li>Import der bearbeiteten XML-Datei in den neuen Blog.<\/li>\n<\/ul>\n<p>Nachdem der Blog erfolreich umgezogen war, ging es ans Aufr\u00e4umen der \u00fcbrigen Web-Projekte auf server-drome.de<br \/>\nDabei bin ich auf eine alte Radsport-Seite gesto\u00dfen, was mich dazu veranlasst hat, auf meinen PC-Festplatten nach noch \u00e4lteren Relikten zu forschen.<\/p>\n<p>Hier das Ergebnis:<\/p>\n<ul>\n<li><a href=\"https:\/\/www.pacer.de\/Homepage_history\/erste_radsportseite_06_09_96\/ruediger.htm\" target=\"_blank\">Meine erste Sport-Seite von 1996 (mit dem AOLpress erstellt und auf meinen T-Online-Firmen-Account hochgeladen)<\/a><\/li>\n<li><a href=\"https:\/\/www.pacer.de\/Homepage_history\/rogers_xpage_1996\/xpage.htm\" target=\"_blank\">Rogers XPAGE von 1996<\/a><\/li>\n<li><a href=\"https:\/\/www.pacer.de\/Homepage_history\/rheingauseite_27_06_97\/rheingau.htm\" target=\"_blank\">Kleine Rheingauseite von 1997<\/a><\/li>\n<li><a href=\"https:\/\/www.pacer.de\/Homepage_history\/zweite radsportseite_1996\/ruediger.htm\" target=\"_blank\">Die zweite Sportseite von 1996<\/a><\/li>\n<li><a href=\"https:\/\/www.pacer.de\/Homepage_history\/einladung_1996\/rheingau.htm\" target=\"_blank\">Eine Einladungsseite f\u00fcr ehemalige Kollegen von 1997<\/a><\/li>\n<li><a href=\"https:\/\/www.pacer.de\/Homepage_history\/smooth_homepage_24_04_98\/index2.html\" target=\"_blank\">\u00c4u\u00dferst verwegene Chat-Flirtseite 1998 aus den guten alten Zeiten des Modelchats auf playground.de *).<\/a> Damals war ich dort mit dem Alias Smooth unterwegs. Es gab zwei verschiedenen Startseiten:\n<ul>\n<li><a href=\"https:\/\/www.pacer.de\/Homepage_history\/smooth_homepage_24_04_98\/index_alt.html\" target=\"_blank\">Startseite 1 (index_alt.html)<\/a><\/li>\n<li><a href=\"https:\/\/www.pacer.de\/Homepage_history\/smooth_homepage_24_04_98\/index.html\" target=\"_blank\">Startseite 2 (index.html)<\/a><\/li>\n<\/ul>\n<\/li>\n<li><a href=\"https:\/\/www.pacer.de\/Homepage_history\/radsportseite_2000\/index.htm\" target=\"_blank\">Radsportseite von 2000 (mit Ritzelrechner, Conconi-Test usw.)<\/a><\/li>\n<li><a href=\"https:\/\/www.pacer.de\/Homepage_history\/gary_2004\/gary.html\" target=\"_blank\">Gary 2004 (Gary hat auch 2005 das WordPress-Blog er\u00f6ffnet).<\/a><\/li>\n<\/ul>\n<p>*) Wer den Modelchat nicht kennt, dem empfehle ich <a href=\"http:\/\/www.spiegel.de\/spiegel\/print\/d-12807898.html\" target=\"_blank\">diesen Artikel aus dem Spiegel 18\/1999<\/a>.<\/p>\n<p>Nat\u00fcrlich sind viele dort aufgef\u00fchrten externen Verweise und Links nicht mehr funktionsf\u00e4hig, denn die meisten Anbieter und Dienste gibt es schon lange nicht mehr (z.B. modelchat, flirtline, darkroom, AMICA-Chat, playgrond, geocities, freecity, funcity, FortuneCity, megapage, netscape usw.).<\/p>\n","protected":false},"excerpt":{"rendered":"Im Januar 2016 habe ich blog.pacer.de vom Webhoster server-drome auf WINT.global umgezogen. Dabei [&hellip;]","protected":false},"author":3,"featured_media":0,"parent":0,"menu_order":0,"comment_status":"closed","ping_status":"closed","template":"","meta":{"footnotes":""},"class_list":["post-2042","page","type-page","status-publish","hentry","wp-image-borders"],"_links":{"self":[{"href":"https:\/\/www.pacer.de\/index.php?rest_route=\/wp\/v2\/pages\/2042","targetHints":{"allow":["GET"]}}],"collection":[{"href":"https:\/\/www.pacer.de\/index.php?rest_route=\/wp\/v2\/pages"}],"about":[{"href":"https:\/\/www.pacer.de\/index.php?rest_route=\/wp\/v2\/types\/page"}],"author":[{"embeddable":true,"href":"https:\/\/www.pacer.de\/index.php?rest_route=\/wp\/v2\/users\/3"}],"replies":[{"embeddable":true,"href":"https:\/\/www.pacer.de\/index.php?rest_route=%2Fwp%2Fv2%2Fcomments&post=2042"}],"version-history":[{"count":16,"href":"https:\/\/www.pacer.de\/index.php?rest_route=\/wp\/v2\/pages\/2042\/revisions"}],"predecessor-version":[{"id":2066,"href":"https:\/\/www.pacer.de\/index.php?rest_route=\/wp\/v2\/pages\/2042\/revisions\/2066"}],"wp:attachment":[{"href":"https:\/\/www.pacer.de\/index.php?rest_route=%2Fwp%2Fv2%2Fmedia&parent=2042"}],"curies":[{"name":"wp","href":"https:\/\/api.w.org\/{rel}","templated":true}]}}