{"id":726,"date":"2011-11-04T11:04:54","date_gmt":"2011-11-04T10:04:54","guid":{"rendered":"http:\/\/www.pacer.de\/?page_id=726"},"modified":"2011-11-04T11:04:54","modified_gmt":"2011-11-04T10:04:54","slug":"impressum","status":"publish","type":"page","link":"https:\/\/www.pacer.de\/?page_id=726","title":{"rendered":"Impressum"},"content":{"rendered":"<p><strong><a href=\"https:\/\/www.pacer.de\/wp-content\/uploads\/old\/impressum.jpg\" rel=\"lightbox[726]\"><img loading=\"lazy\" decoding=\"async\" class=\"alignnone size-full wp-image-727\" title=\"Anschrift\" src=\"https:\/\/www.pacer.de\/wp-content\/uploads\/old\/impressum.jpg\" alt=\"\" title=\"Anschrift\" width=\"179\" height=\"100\" \/><\/a><\/strong><\/p>\n<p><strong>Copyright<\/strong><br \/>\nAlle Seiten und Bilder unterliegen dem deutschen Urheberrecht, sofern keine andere Regelung (Rechte Dritter) auf der entsprechenden Seite vermerkt ist. Weiterverbreitung oder ein Nachdruck sind untersagt.<\/p>\n<p><strong>Externe Links<\/strong><br \/>\nIch erkl\u00e4re hiermit, dass zum Zeitpunkt der Linksetzung keine illegalen Inhalte auf den zu verlinkenden Seiten erkennbar waren.<br \/>\nAuf die aktuelle und zuk\u00fcnftige Gestaltung, die Inhalte oder die Urheberschaft der gelinkten\/verkn\u00fcpften Seiten habe ich keinerlei Einfluss.<\/p>\n<p><strong>Haftungsausschluss<\/strong><br \/>\nAlle auf diesen Seiten enthaltenen Informationen sind ein kostenloser Service von peterlueck.com. Es besteht keine Haftung f\u00fcr die Richtigkeit, Vollst\u00e4ndigkeit und Aktualit\u00e4t der zum Abruf bereitgehaltenen und gezeigten Inhalte. Diese Inhalte dienen ausschlie\u00dflich der Information der Besucher von peterlueck.com und stellen keinerlei professionelle Beratung, Zusicherung von Eigenschaften, oder sonstige Empfehlung dar. Haftungsanspr\u00fcche gegen peterlueck.com, die sich auf Sch\u00e4den materieller oder ideeller Art beziehen, welche durch die Nutzung oder Nichtnutzung der dargebotenen Informationen und Downloads bzw. durch die Nutzung fehlerhafter und unvollst\u00e4ndiger Informationen, Inhalten und Downloads verursacht wurden sind grunds\u00e4tzlich ausgeschlossen, sofern seitens peterlueck.com kein nachweislich vors\u00e4tzliches oder grob fahrl\u00e4ssiges Verschulden vorliegt. Alle Angebote sind freibleibend und unverbindlich. Teile der Seiten oder das gesamte Angebot kann ohne gesonderte Ank\u00fcndigung jederzeit ver\u00e4ndert, erg\u00e4nzt, gel\u00f6scht oder die Ver\u00f6ffentlichung zeitweise oder endg\u00fcltig eingestellt werden. Im \u00fcbrigen ist die Haftung auf Vorsatz oder grobe Fahrl\u00e4ssigkeit beschr\u00e4nkt.<\/p>\n<p><strong>Abmahnungen<\/strong><br \/>\nIm Falle von Domain\/Wettbewerbsstreitigkeiten und \u00e4hnlichen Problemen, wenden Sie sich bitte zur Vermeidung unn\u00f6tiger Rechtsstreite und Kosten, bereits im Vorfeld an oben stehende Adresse. Die Kostennote einer anwaltlichen Abmahnung ohne vorhergehende Kontaktaufnahme, wird im Sinne der Schadenminderungspflicht als unbegr\u00fcndet zur\u00fcckgewiesen.<\/p>\n<p><strong>Rechtswirksamkeit des Haftungsausschlusses<\/strong><br \/>\nDieser Haftungsausschluss ist als Teil des Internetangebotes zu betrachten, von dem aus auf diese Seite verwiesen wurde. Sofern Teile oder einzelne Formulierungen dieses Textes der geltenden Rechtslage nicht, nicht mehr oder nicht vollst\u00e4ndig entsprechen sollten, bleiben die \u00fcbrigen Teile des Dokumentes in ihrem Inhalt und ihrer G\u00fcltigkeit davon unber\u00fchrt.<\/p>\n<p>\u00a92010 by\u00a0blog.pacer.de \u00b7 Alle Rechte reserviert.<\/p>\n","protected":false},"excerpt":{"rendered":"Copyright Alle Seiten und Bilder unterliegen dem deutschen Urheberrecht, sofern keine andere Regelung [&hellip;]","protected":false},"author":3,"featured_media":0,"parent":0,"menu_order":3,"comment_status":"closed","ping_status":"closed","template":"","meta":{"footnotes":""},"class_list":["post-726","page","type-page","status-publish","hentry","wp-image-borders"],"_links":{"self":[{"href":"https:\/\/www.pacer.de\/index.php?rest_route=\/wp\/v2\/pages\/726","targetHints":{"allow":["GET"]}}],"collection":[{"href":"https:\/\/www.pacer.de\/index.php?rest_route=\/wp\/v2\/pages"}],"about":[{"href":"https:\/\/www.pacer.de\/index.php?rest_route=\/wp\/v2\/types\/page"}],"author":[{"embeddable":true,"href":"https:\/\/www.pacer.de\/index.php?rest_route=\/wp\/v2\/users\/3"}],"replies":[{"embeddable":true,"href":"https:\/\/www.pacer.de\/index.php?rest_route=%2Fwp%2Fv2%2Fcomments&post=726"}],"version-history":[{"count":0,"href":"https:\/\/www.pacer.de\/index.php?rest_route=\/wp\/v2\/pages\/726\/revisions"}],"wp:attachment":[{"href":"https:\/\/www.pacer.de\/index.php?rest_route=%2Fwp%2Fv2%2Fmedia&parent=726"}],"curies":[{"name":"wp","href":"https:\/\/api.w.org\/{rel}","templated":true}]}}